{"id":8137,"date":"2019-08-22T15:05:35","date_gmt":"2019-08-22T12:05:35","guid":{"rendered":"http:\/\/www.hilaro.ee\/wordpress\/?page_id=8137"},"modified":"2019-08-22T15:11:53","modified_gmt":"2019-08-22T12:11:53","slug":"esinemispaigad","status":"publish","type":"page","link":"https:\/\/hilaro.ee\/wordpress\/tutvustus\/esinemispaigad\/","title":{"rendered":"Esinemispaigad"},"content":{"rendered":"\n<style type=\"text\/css\" data-created_by=\"avia_inline_auto\" id=\"style-css-av-78n0uc-00234200a053d7a1aa025be98da2810a\">\n.avia-section.av-78n0uc-00234200a053d7a1aa025be98da2810a .av-section-color-overlay{\nopacity:0.7;\nbackground-color:#000000;\n}\n<\/style>\n<div id='av_section_1'  class='avia-section av-78n0uc-00234200a053d7a1aa025be98da2810a main_color avia-section-huge avia-no-border-styling  avia-builder-el-0  el_before_av_textblock  avia-builder-el-first  avia-bg-style-scroll av-section-color-overlay-active container_wrap sidebar_right'  ><div class=\"av-section-color-overlay-wrap\"><div class=\"av-section-color-overlay\"><\/div><div class='container av-section-cont-open' ><main  role=\"main\" itemprop=\"mainContentOfPage\"  class='template-page content  av-content-small alpha units'><div class='post-entry post-entry-type-page post-entry-8137'><div class='entry-content-wrapper clearfix'>\n\n<style type=\"text\/css\" data-created_by=\"avia_inline_auto\" id=\"style-css-av-jzmn524w-b63537eadcf290b1b5b8f3bf1003b27b\">\n#top .av-special-heading.av-jzmn524w-b63537eadcf290b1b5b8f3bf1003b27b{\npadding-bottom:0;\nfont-size:90px;\n}\nbody .av-special-heading.av-jzmn524w-b63537eadcf290b1b5b8f3bf1003b27b .av-special-heading-tag .heading-char{\nfont-size:25px;\n}\n#top #wrap_all .av-special-heading.av-jzmn524w-b63537eadcf290b1b5b8f3bf1003b27b .av-special-heading-tag{\nfont-size:90px;\n}\n.av-special-heading.av-jzmn524w-b63537eadcf290b1b5b8f3bf1003b27b .av-subheading{\nfont-size:15px;\n}\n\n@media only screen and (min-width: 480px) and (max-width: 767px){ \n#top #wrap_all .av-special-heading.av-jzmn524w-b63537eadcf290b1b5b8f3bf1003b27b .av-special-heading-tag{\nfont-size:0.8em;\n}\n}\n\n@media only screen and (max-width: 479px){ \n#top #wrap_all .av-special-heading.av-jzmn524w-b63537eadcf290b1b5b8f3bf1003b27b .av-special-heading-tag{\nfont-size:0.8em;\n}\n}\n<\/style>\n<div  class='av-special-heading av-jzmn524w-b63537eadcf290b1b5b8f3bf1003b27b av-special-heading-h3 blockquote modern-quote modern-centered  avia-builder-el-1  avia-builder-el-no-sibling  av-inherit-size'><h3 class='av-special-heading-tag '  itemprop=\"headline\"  >Esinemispaigad<\/h3><div class=\"special-heading-border\"><div class=\"special-heading-inner-border\"><\/div><\/div><\/div>\n<\/div><\/div><\/main><!-- close content main element --><\/div><\/div><\/div><div id='after_section_1'  class='main_color av_default_container_wrap container_wrap sidebar_right'  ><div class='container av-section-cont-open' ><div class='template-page content  av-content-small alpha units'><div class='post-entry post-entry-type-page post-entry-8137'><div class='entry-content-wrapper clearfix'><section  class='av_textblock_section av-5qayk-caf8e63d8e0e1f7c21a70980e8459f74 '   itemscope=\"itemscope\" itemtype=\"https:\/\/schema.org\/CreativeWork\" ><div class='avia_textblock'  itemprop=\"text\" ><p>Pole keeruline arvata, et enim Hilaro avalikke etteasteid on V\u00f5rus aset leidnud. Siiski v\u00f5ib neid kohti ka nii mujal Eestis kui Euroopaski leida. Uuri kaardilt j\u00e4rele!<\/p>\n<\/div><\/section><\/p>\n<\/div><\/div><\/div><!-- close content main div --><\/div><\/div>\n<style type=\"text\/css\" data-created_by=\"avia_inline_auto\" id=\"style-css-av-41evic-1c78f7f64c53d9139902653be077dae5\">\n.avia-section.av-41evic-1c78f7f64c53d9139902653be077dae5 .av-extra-border-element .av-extra-border-inner{\nbackground-color:#ffffff;\n}\n<\/style>\n<div id='av_section_2'  class='avia-section av-41evic-1c78f7f64c53d9139902653be077dae5 alternate_color avia-section-huge avia-no-border-styling  avia-builder-el-3  el_after_av_textblock  avia-builder-el-last  avia-bg-style-fixed av-arrow-down-section container_wrap sidebar_right'  ><div class='container av-section-cont-open' ><div class='template-page content  av-content-small alpha units'><div class='post-entry post-entry-type-page post-entry-8137'><div class='entry-content-wrapper clearfix'>\n\n<\/div><\/div><\/div><!-- close content main div --><\/div><div class='av-extra-border-element border-extra-arrow-down'><div class='av-extra-border-outer'><div class='av-extra-border-inner'><\/div><\/div><\/div><\/div><div id='after_section_2'  class='main_color av_default_container_wrap container_wrap sidebar_right'  ><div class='container av-section-cont-open' ><div class='template-page content  av-content-small alpha units'><div class='post-entry post-entry-type-page post-entry-8137'><div class='entry-content-wrapper clearfix'>\n","protected":false},"excerpt":{"rendered":"","protected":false},"author":1,"featured_media":0,"parent":5704,"menu_order":0,"comment_status":"closed","ping_status":"closed","template":"","meta":{"footnotes":""},"class_list":["post-8137","page","type-page","status-publish","hentry"],"_links":{"self":[{"href":"https:\/\/hilaro.ee\/wordpress\/wp-json\/wp\/v2\/pages\/8137"}],"collection":[{"href":"https:\/\/hilaro.ee\/wordpress\/wp-json\/wp\/v2\/pages"}],"about":[{"href":"https:\/\/hilaro.ee\/wordpress\/wp-json\/wp\/v2\/types\/page"}],"author":[{"embeddable":true,"href":"https:\/\/hilaro.ee\/wordpress\/wp-json\/wp\/v2\/users\/1"}],"replies":[{"embeddable":true,"href":"https:\/\/hilaro.ee\/wordpress\/wp-json\/wp\/v2\/comments?post=8137"}],"version-history":[{"count":3,"href":"https:\/\/hilaro.ee\/wordpress\/wp-json\/wp\/v2\/pages\/8137\/revisions"}],"predecessor-version":[{"id":8141,"href":"https:\/\/hilaro.ee\/wordpress\/wp-json\/wp\/v2\/pages\/8137\/revisions\/8141"}],"up":[{"embeddable":true,"href":"https:\/\/hilaro.ee\/wordpress\/wp-json\/wp\/v2\/pages\/5704"}],"wp:attachment":[{"href":"https:\/\/hilaro.ee\/wordpress\/wp-json\/wp\/v2\/media?parent=8137"}],"curies":[{"name":"wp","href":"https:\/\/api.w.org\/{rel}","templated":true}]}}